{"id":1100,"date":"2019-03-12T15:50:21","date_gmt":"2019-03-12T14:50:21","guid":{"rendered":"http:\/\/mon-hub.com\/?page_id=1100"},"modified":"2019-03-14T15:15:01","modified_gmt":"2019-03-14T14:15:01","slug":"accueil","status":"publish","type":"page","link":"https:\/\/mon-hub.com\/","title":{"rendered":"ACCUEIL"},"content":{"rendered":"<p>Blog professionnel de pr\u00e9sentation de l\u2019activit\u00e9 et l&rsquo;actualit\u00e9 des <strong>FABRICANTS<\/strong> et <strong>INSTALLATEURS.<\/strong><\/p>\n<p><strong>R\u00e9digez et Partagez<\/strong> vos actualit\u00e9s \/ Newsletters \/ Show de r\u00e9alisations \/ &#8230;<\/p>\n<p>Prescrivez votre Marque et montrez votre savoir faire \/ singularit\u00e9.<\/p>\n<p>&#8212;&#8212;&#8212;&#8212;&#8212;&#8212;&#8212;&#8212;&#8212;&#8212;&#8212;&#8212;&#8212;&#8212;&#8212;&#8212;&#8212;&#8212;&#8212;&#8212;&#8212;&#8212;&#8212;&#8212;&#8212;&#8212;&#8212;&#8212;&#8212;&#8212;&#8212;&#8212;&#8212;&#8212;&#8212;&#8212;&#8212;&#8212;&#8212;&#8212;&#8212;&#8212;&#8212;&#8212;-<\/p>\n<p>Un blog, anglicisme pouvant \u00eatre francis\u00e9 en blogue, carnet Web, cybercarnet ou bloc-notes, est un type de site web \u2014 ou une partie d&rsquo;un site web \u2014 utilis\u00e9 pour la publication p\u00e9riodique et r\u00e9guli\u00e8re d&rsquo;articles personnels, g\u00e9n\u00e9ralement succincts, rendant compte d&rsquo;une actualit\u00e9 autour d&rsquo;un sujet donn\u00e9 ou d&rsquo;une profession.<br \/>\n\u00c0 la mani\u00e8re d&rsquo;un journal intime, ces articles ou \u00ab billets \u00bb sont typiquement dat\u00e9s, sign\u00e9s et pr\u00e9sent\u00e9s dans un ordre ant\u00e9chronologique, c&rsquo;est-\u00e0-dire du plus r\u00e9cent au plus ancien.<\/p>\n<p>Un blogueur a aujourd&rsquo;hui loisir de m\u00e9langer textes, hypertextes et \u00e9l\u00e9ments multim\u00e9dias (image, son, vid\u00e9o, applet) dans ses billets ; il peut aussi r\u00e9pondre aux questions des \u00e9ventuels lecteurs-souscriveurs (litt\u00e9ralement, \u00ab \u00e9crivant dessous \u00bb), car chaque visiteur d&rsquo;un blog peut laisser des commentaires sur le blog lui-m\u00eame, ou bien contacter le blogueur par courrier \u00e9lectronique.<\/p>\n","protected":false},"excerpt":{"rendered":"<p>Blog professionnel de pr\u00e9sentation de l\u2019activit\u00e9 et l&rsquo;actualit\u00e9 des FABRICANTS et INSTALLATEURS. R\u00e9digez et Partagez vos actualit\u00e9s \/ Newsletters \/ Show de r\u00e9alisations \/ &#8230; Prescrivez votre Marque et montrez votre savoir faire \/ singularit\u00e9. &#8212;&#8212;&#8212;&#8212;&#8212;&#8212;&#8212;&#8212;&#8212;&#8212;&#8212;&#8212;&#8212;&#8212;&#8212;&#8212;&#8212;&#8212;&#8212;&#8212;&#8212;&#8212;&#8212;&#8212;&#8212;&#8212;&#8212;&#8212;&#8212;&#8212;&#8212;&#8212;&#8212;&#8212;&#8212;&#8212;&#8212;&#8212;&#8212;&#8212;&#8212;&#8212;&#8212;&#8212;- Un blog, anglicisme pouvant \u00eatre francis\u00e9 en blogue, carnet Web, cybercarnet ou bloc-notes, est un type de site web [&hellip;]<\/p>\n","protected":false},"author":1,"featured_media":0,"parent":0,"menu_order":0,"comment_status":"closed","ping_status":"closed","template":"","meta":{"footnotes":""},"_links":{"self":[{"href":"https:\/\/mon-hub.com\/index.php\/wp-json\/wp\/v2\/pages\/1100"}],"collection":[{"href":"https:\/\/mon-hub.com\/index.php\/wp-json\/wp\/v2\/pages"}],"about":[{"href":"https:\/\/mon-hub.com\/index.php\/wp-json\/wp\/v2\/types\/page"}],"author":[{"embeddable":true,"href":"https:\/\/mon-hub.com\/index.php\/wp-json\/wp\/v2\/users\/1"}],"replies":[{"embeddable":true,"href":"https:\/\/mon-hub.com\/index.php\/wp-json\/wp\/v2\/comments?post=1100"}],"version-history":[{"count":4,"href":"https:\/\/mon-hub.com\/index.php\/wp-json\/wp\/v2\/pages\/1100\/revisions"}],"predecessor-version":[{"id":1112,"href":"https:\/\/mon-hub.com\/index.php\/wp-json\/wp\/v2\/pages\/1100\/revisions\/1112"}],"wp:attachment":[{"href":"https:\/\/mon-hub.com\/index.php\/wp-json\/wp\/v2\/media?parent=1100"}],"curies":[{"name":"wp","href":"https:\/\/api.w.org\/{rel}","templated":true}]}}