{"id":1119,"date":"2019-03-15T09:32:29","date_gmt":"2019-03-15T08:32:29","guid":{"rendered":"http:\/\/mon-hub.com\/?page_id=1119"},"modified":"2019-03-27T15:43:08","modified_gmt":"2019-03-27T14:43:08","slug":"affiliation","status":"publish","type":"page","link":"https:\/\/mon-hub.com\/index.php\/commerce-digital\/affiliation\/","title":{"rendered":"Affiliation"},"content":{"rendered":"<p><img loading=\"lazy\" decoding=\"async\" class=\"alignnone wp-image-1120\" src=\"http:\/\/mon-hub.com\/wp-content\/uploads\/2019\/03\/affiliation-e-commerce-b-to-b-par-prescription-mes-docs-mon-hub-2-300x187.jpg\" alt=\"\" width=\"1016\" height=\"633\" srcset=\"https:\/\/mon-hub.com\/wp-content\/uploads\/2019\/03\/affiliation-e-commerce-b-to-b-par-prescription-mes-docs-mon-hub-2-300x187.jpg 300w, https:\/\/mon-hub.com\/wp-content\/uploads\/2019\/03\/affiliation-e-commerce-b-to-b-par-prescription-mes-docs-mon-hub-2-768x479.jpg 768w, https:\/\/mon-hub.com\/wp-content\/uploads\/2019\/03\/affiliation-e-commerce-b-to-b-par-prescription-mes-docs-mon-hub-2-624x389.jpg 624w, https:\/\/mon-hub.com\/wp-content\/uploads\/2019\/03\/affiliation-e-commerce-b-to-b-par-prescription-mes-docs-mon-hub-2.jpg 942w\" sizes=\"(max-width: 1016px) 100vw, 1016px\" \/><\/p>\n<p>\u00ab\u00a0Affiliation\u00a0\u00bb :<\/p>\n<p>L&rsquo;affiliation sur Internet est une technique e-marketing permettant \u00e0 un site web annonceur de promouvoir ses produits ou ses services en proposant une r\u00e9mun\u00e9ration \u00e0 d&rsquo;autres sites web \u00e9diteurs (affili\u00e9s) en \u00e9change d&rsquo;un apport de ventes, d&rsquo;inscriptions ou de trafic.<\/p>\n","protected":false},"excerpt":{"rendered":"<p>\u00ab\u00a0Affiliation\u00a0\u00bb : L&rsquo;affiliation sur Internet est une technique e-marketing permettant \u00e0 un site web annonceur de promouvoir ses produits ou ses services en proposant une r\u00e9mun\u00e9ration \u00e0 d&rsquo;autres sites web \u00e9diteurs (affili\u00e9s) en \u00e9change d&rsquo;un apport de ventes, d&rsquo;inscriptions ou de trafic.<\/p>\n","protected":false},"author":1,"featured_media":0,"parent":1115,"menu_order":0,"comment_status":"closed","ping_status":"closed","template":"","meta":{"footnotes":""},"_links":{"self":[{"href":"https:\/\/mon-hub.com\/index.php\/wp-json\/wp\/v2\/pages\/1119"}],"collection":[{"href":"https:\/\/mon-hub.com\/index.php\/wp-json\/wp\/v2\/pages"}],"about":[{"href":"https:\/\/mon-hub.com\/index.php\/wp-json\/wp\/v2\/types\/page"}],"author":[{"embeddable":true,"href":"https:\/\/mon-hub.com\/index.php\/wp-json\/wp\/v2\/users\/1"}],"replies":[{"embeddable":true,"href":"https:\/\/mon-hub.com\/index.php\/wp-json\/wp\/v2\/comments?post=1119"}],"version-history":[{"count":3,"href":"https:\/\/mon-hub.com\/index.php\/wp-json\/wp\/v2\/pages\/1119\/revisions"}],"predecessor-version":[{"id":1169,"href":"https:\/\/mon-hub.com\/index.php\/wp-json\/wp\/v2\/pages\/1119\/revisions\/1169"}],"up":[{"embeddable":true,"href":"https:\/\/mon-hub.com\/index.php\/wp-json\/wp\/v2\/pages\/1115"}],"wp:attachment":[{"href":"https:\/\/mon-hub.com\/index.php\/wp-json\/wp\/v2\/media?parent=1119"}],"curies":[{"name":"wp","href":"https:\/\/api.w.org\/{rel}","templated":true}]}}