{"id":1161,"date":"2019-03-27T15:31:33","date_gmt":"2019-03-27T14:31:33","guid":{"rendered":"http:\/\/mon-hub.com\/?page_id=1161"},"modified":"2019-03-27T15:35:29","modified_gmt":"2019-03-27T14:35:29","slug":"fidelite-remerciee","status":"publish","type":"page","link":"https:\/\/mon-hub.com\/index.php\/fidelite-remerciee\/","title":{"rendered":"Fid\u00e9lit\u00e9 remerci\u00e9e"},"content":{"rendered":"<p>Les clients gagnent des points \u00e0 hauteur de leurs d\u00e9penses, et sont r\u00e9compens\u00e9s.<\/p>\n<p>Qu\u2019il s\u2019agisse d\u2019une r\u00e9duction ou d\u2019un autre avantage client.<\/p>\n<p>Un maximum de points pour en tirer les meilleurs b\u00e9n\u00e9fices : bon d&rsquo;achats, cadeaux, &#8230;<\/p>\n","protected":false},"excerpt":{"rendered":"<p>Les clients gagnent des points \u00e0 hauteur de leurs d\u00e9penses, et sont r\u00e9compens\u00e9s. Qu\u2019il s\u2019agisse d\u2019une r\u00e9duction ou d\u2019un autre avantage client. Un maximum de points pour en tirer les meilleurs b\u00e9n\u00e9fices : bon d&rsquo;achats, cadeaux, &#8230;<\/p>\n","protected":false},"author":1,"featured_media":0,"parent":0,"menu_order":0,"comment_status":"closed","ping_status":"closed","template":"","meta":{"footnotes":""},"_links":{"self":[{"href":"https:\/\/mon-hub.com\/index.php\/wp-json\/wp\/v2\/pages\/1161"}],"collection":[{"href":"https:\/\/mon-hub.com\/index.php\/wp-json\/wp\/v2\/pages"}],"about":[{"href":"https:\/\/mon-hub.com\/index.php\/wp-json\/wp\/v2\/types\/page"}],"author":[{"embeddable":true,"href":"https:\/\/mon-hub.com\/index.php\/wp-json\/wp\/v2\/users\/1"}],"replies":[{"embeddable":true,"href":"https:\/\/mon-hub.com\/index.php\/wp-json\/wp\/v2\/comments?post=1161"}],"version-history":[{"count":3,"href":"https:\/\/mon-hub.com\/index.php\/wp-json\/wp\/v2\/pages\/1161\/revisions"}],"predecessor-version":[{"id":1164,"href":"https:\/\/mon-hub.com\/index.php\/wp-json\/wp\/v2\/pages\/1161\/revisions\/1164"}],"wp:attachment":[{"href":"https:\/\/mon-hub.com\/index.php\/wp-json\/wp\/v2\/media?parent=1161"}],"curies":[{"name":"wp","href":"https:\/\/api.w.org\/{rel}","templated":true}]}}