{"id":1173,"date":"2019-03-29T08:56:21","date_gmt":"2019-03-29T07:56:21","guid":{"rendered":"http:\/\/mon-hub.com\/?page_id=1173"},"modified":"2019-03-29T14:09:24","modified_gmt":"2019-03-29T13:09:24","slug":"communication-4-0","status":"publish","type":"page","link":"https:\/\/mon-hub.com\/index.php\/commerce-digital\/communication-4-0\/","title":{"rendered":"Communication 4.0"},"content":{"rendered":"<p><img decoding=\"async\" class=\"aligncenter\" src=\"http:\/\/demeter-fb.fr\/wp-content\/uploads\/2017\/11\/developpper-sa-societe-sur-internet-e-commerce-mark7etplace-300x107.jpg\" \/><\/p>\n<p><strong>Bient\u00f4t disponible :\u00a0 sur www.mon-hub.com et www.mes-docs.com<\/strong><\/p>\n<p>Un nouveau concept dans le domaine de l\u2019imprimerie et du digital, que vous soyez des PME ou des grands comptes, nous vous apporterons avec cette application (bient\u00f4t disponible) des solutions de communication 4.0 optimales et adapt\u00e9es \u00e0 tous vos besoins.<\/p>\n<p>Afin de simplifier votre quotidien, nous vous offrirons sous peu des solutions efficaces et globales et des plateformes digitales innovantes.<\/p>\n<p>Physiques ou virtuels, ces outils de communication vous offriront une synergie in\u00e9gal\u00e9e au service de votre performance d\u2019entreprise.<\/p>\n<p><strong>Vous pourrez enfin optimiser et g\u00e9rer votre Communication &#8211; Prescription &#8211; Marketing (Papier &amp; Digital) &#8211; Force de vente (\u00e9quipe \/ collaborateurs \/ e-shop sur marketplace : &#8230;) \u00ab\u00a0d&rsquo;un simple clic\u00a0\u00bb.<\/strong><\/p>\n<p>Cela vous permettra de gagner en performance, rapidit\u00e9 et ma\u00eetrise des co\u00fbts.<\/p>\n<p><em><b>Acc\u00e9dez enfin \u00e0 la communication 4.0 &#8211; \u00e0 l\u2019efficience de votre commerce digital &#8211; \u00e0 la ma\u00eetrise chirurgical de votre business.<\/b><\/em><\/p>\n<ul>\n<li><strong><u>Cr\u00e9ation &#8211; Gestion &#8211; Diffusion et Impression de vos :<\/u><\/strong>\n<ul>\n<li>Cartes de visite (option RFID &#8211; \u2026)<\/li>\n<li>Plaquettes et flyers<\/li>\n<li>Livres blancs<\/li>\n<li>Catalogues<\/li>\n<li>Portfolios<\/li>\n<li>Mailings<\/li>\n<li>Objets<\/li>\n<li>\u2026<\/li>\n<\/ul>\n<\/li>\n<\/ul>\n<p>&nbsp;<\/p>\n<ul>\n<li><strong><u>Strat\u00e9gie de la transformation digital \u2013 Liens entrer Catalogues et Commerce Digital\u00a0: <\/u><\/strong>\n<ul>\n<li>Cr\u00e9ation\u2013 G\u00e9n\u00e9rer l\u2019offre produits \u2013 Optimisation &#8211; Diffusion \u2013 R\u00e9f\u00e9rencement (SEA \/ SEO)<\/li>\n<li>Cr\u00e9ation de vos catalogues en fonction de votre e-shop sur notre Marketplace<\/li>\n<li>\u2026<\/li>\n<\/ul>\n<\/li>\n<\/ul>\n<p>&nbsp;<\/p>\n<ul>\n<li><strong><u>Gestion Electronique de Documents (GED) \u2013 Custumers Relationship Management (CRM)\u00a0: <\/u><\/strong>\n<ul>\n<li>Cr\u00e9ation \u2013 D\u00e9veloppements &#8211; Maintenance \u2013 Formation<\/li>\n<li>&#8230;<\/li>\n<\/ul>\n<\/li>\n<\/ul>\n<p>&nbsp;<\/p>\n<ul>\n<li><strong><u>Et encore bien d\u2019autres fonctionnalit\u00e9s en d\u00e9veloppement \u2026<\/u><\/strong><\/li>\n<\/ul>\n<p>&nbsp;<\/p>\n<p>&nbsp;<\/p>\n<p><em>\u201cLes esp\u00e8ces qui survivent ne sont pas les esp\u00e8ces les plus fortes, ni les plus intelligentes, mais celles qui s\u2019adaptent le mieux aux changements.\u201d De Charles DARWIN<\/em><\/p>\n<p><em style=\"font-size: 1rem;\">Le changement n\u00e9<\/em><em>cessite de mobiliser ses ressources, et parfois de lever ses limites.<\/em><\/p>\n<p><em>Se faire accompagner peut-\u00eatre un acc\u00e9l\u00e9rateur pr\u00e9cieux.<\/em><\/p>\n<p><em>L\u2019art de la r\u00e9ussite consiste \u00e0 savoir s\u2019entourer des meilleurs. de John Fitzgerald Kennedy<\/em><\/p>\n<p>&nbsp;<\/p>\n<p>&nbsp;<\/p>\n<p><em>nota : Certaines applications seront disponibles sous forment d&rsquo;abonnement (notamment GED, CRM, &#8230;)<\/em><\/p>\n<p>&nbsp;<\/p>\n","protected":false},"excerpt":{"rendered":"<p>Bient\u00f4t disponible :\u00a0 sur www.mon-hub.com et www.mes-docs.com Un nouveau concept dans le domaine de l\u2019imprimerie et du digital, que vous soyez des PME ou des grands comptes, nous vous apporterons avec cette application (bient\u00f4t disponible) des solutions de communication 4.0 optimales et adapt\u00e9es \u00e0 tous vos besoins. Afin de simplifier votre quotidien, nous vous offrirons [&hellip;]<\/p>\n","protected":false},"author":1,"featured_media":0,"parent":1115,"menu_order":0,"comment_status":"closed","ping_status":"closed","template":"","meta":{"footnotes":""},"_links":{"self":[{"href":"https:\/\/mon-hub.com\/index.php\/wp-json\/wp\/v2\/pages\/1173"}],"collection":[{"href":"https:\/\/mon-hub.com\/index.php\/wp-json\/wp\/v2\/pages"}],"about":[{"href":"https:\/\/mon-hub.com\/index.php\/wp-json\/wp\/v2\/types\/page"}],"author":[{"embeddable":true,"href":"https:\/\/mon-hub.com\/index.php\/wp-json\/wp\/v2\/users\/1"}],"replies":[{"embeddable":true,"href":"https:\/\/mon-hub.com\/index.php\/wp-json\/wp\/v2\/comments?post=1173"}],"version-history":[{"count":18,"href":"https:\/\/mon-hub.com\/index.php\/wp-json\/wp\/v2\/pages\/1173\/revisions"}],"predecessor-version":[{"id":1192,"href":"https:\/\/mon-hub.com\/index.php\/wp-json\/wp\/v2\/pages\/1173\/revisions\/1192"}],"up":[{"embeddable":true,"href":"https:\/\/mon-hub.com\/index.php\/wp-json\/wp\/v2\/pages\/1115"}],"wp:attachment":[{"href":"https:\/\/mon-hub.com\/index.php\/wp-json\/wp\/v2\/media?parent=1173"}],"curies":[{"name":"wp","href":"https:\/\/api.w.org\/{rel}","templated":true}]}}