{"id":53,"date":"2018-07-19T11:06:04","date_gmt":"2018-07-19T09:06:04","guid":{"rendered":"http:\/\/mon-hub.com\/?page_id=53"},"modified":"2019-03-14T15:18:48","modified_gmt":"2019-03-14T14:18:48","slug":"exposer","status":"publish","type":"page","link":"https:\/\/mon-hub.com\/index.php\/exposer\/","title":{"rendered":"Documents et Formations"},"content":{"rendered":"<h1 style=\"text-align: center;\"><a href=\"http:\/\/mes-docs.com\/\" target=\"_blank\" rel=\"noopener\">www.mes-docs.com\u00a0<\/a><\/h1>\n<p><a href=\"http:\/\/mes-docs.com\/\" target=\"_blank\" rel=\"noopener\"><img loading=\"lazy\" decoding=\"async\" class=\"alignnone size-medium wp-image-925 aligncenter\" src=\"http:\/\/mon-hub.com\/wp-content\/uploads\/2019\/03\/mes-doc-com-bibliotheque-b-to-b-bim-documentation-technique-commerciale-300x114.jpg\" alt=\"\" width=\"300\" height=\"114\" srcset=\"https:\/\/mon-hub.com\/wp-content\/uploads\/2019\/03\/mes-doc-com-bibliotheque-b-to-b-bim-documentation-technique-commerciale-300x114.jpg 300w, https:\/\/mon-hub.com\/wp-content\/uploads\/2019\/03\/mes-doc-com-bibliotheque-b-to-b-bim-documentation-technique-commerciale-768x291.jpg 768w, https:\/\/mon-hub.com\/wp-content\/uploads\/2019\/03\/mes-doc-com-bibliotheque-b-to-b-bim-documentation-technique-commerciale-624x236.jpg 624w, https:\/\/mon-hub.com\/wp-content\/uploads\/2019\/03\/mes-doc-com-bibliotheque-b-to-b-bim-documentation-technique-commerciale.jpg 1012w\" sizes=\"(max-width: 300px) 100vw, 300px\" \/><\/a><\/p>\n<p><a href=\"http:\/\/mes-docs.com\/\" target=\"_blank\" rel=\"noopener\">www.mes-docs.com\u00a0<\/a>\u00a0est un site destin\u00e9 principalement \u00e0 la communication, la diffusion de documentation et la prescription de mat\u00e9riels industriels et professionnels, \u00e0 destination des installateurs, bureaux d\u2019\u00e9tudes, \u2026 et industriels.<\/p>\n<p>Le but premier est la digitalisation de la prospection et de la prescription gr\u00e2ce \u00e0 l&rsquo;am\u00e9lioration de l&rsquo;acc\u00e8s \u00e0 l&rsquo;information et le partage des informations sont les principales motivations.<\/p>\n<p>La d\u00e9mat\u00e9rialisation (passage du support de l&rsquo;information du papier \u00e0 un support \u00e9lectronique), est la pierre angulaire de <a href=\"http:\/\/mes-docs.com\/\" target=\"_blank\" rel=\"noopener\">www.mes-docs.com\u00a0<\/a> . Elle est souvent pr\u00e9sent\u00e9e comme un avantage d&rsquo;un point de vue environnemental.<\/p>\n<p>L&rsquo;am\u00e9lioration de la \u00ab\u00a0mobilit\u00e9 de l&rsquo;information\u00a0\u00bb est un axe de d\u00e9veloppement et de diff\u00e9renciation majeur pour nous.<\/p>\n<p>Ce site en perp\u00e9tuelle am\u00e9lioration et innovation, vous permettra de saisir et ma\u00eetriser une grande partie de la puissance du monde digital d&rsquo;aujourd&rsquo;hui et de demain, par la proposition r\u00e9guli\u00e8re de nouvelles fonctionnalit\u00e9s.<\/p>\n<p>&#8211; deep learning et intelligence artificielle<\/p>\n<p>&#8211; web to print<\/p>\n<p>&#8211; &#8230;<\/p>\n","protected":false},"excerpt":{"rendered":"<p>www.mes-docs.com\u00a0 www.mes-docs.com\u00a0\u00a0est un site destin\u00e9 principalement \u00e0 la communication, la diffusion de documentation et la prescription de mat\u00e9riels industriels et professionnels, \u00e0 destination des installateurs, bureaux d\u2019\u00e9tudes, \u2026 et industriels. Le but premier est la digitalisation de la prospection et de la prescription gr\u00e2ce \u00e0 l&rsquo;am\u00e9lioration de l&rsquo;acc\u00e8s \u00e0 l&rsquo;information et le partage des informations [&hellip;]<\/p>\n","protected":false},"author":1,"featured_media":0,"parent":0,"menu_order":0,"comment_status":"closed","ping_status":"closed","template":"","meta":{"footnotes":""},"_links":{"self":[{"href":"https:\/\/mon-hub.com\/index.php\/wp-json\/wp\/v2\/pages\/53"}],"collection":[{"href":"https:\/\/mon-hub.com\/index.php\/wp-json\/wp\/v2\/pages"}],"about":[{"href":"https:\/\/mon-hub.com\/index.php\/wp-json\/wp\/v2\/types\/page"}],"author":[{"embeddable":true,"href":"https:\/\/mon-hub.com\/index.php\/wp-json\/wp\/v2\/users\/1"}],"replies":[{"embeddable":true,"href":"https:\/\/mon-hub.com\/index.php\/wp-json\/wp\/v2\/comments?post=53"}],"version-history":[{"count":5,"href":"https:\/\/mon-hub.com\/index.php\/wp-json\/wp\/v2\/pages\/53\/revisions"}],"predecessor-version":[{"id":1114,"href":"https:\/\/mon-hub.com\/index.php\/wp-json\/wp\/v2\/pages\/53\/revisions\/1114"}],"wp:attachment":[{"href":"https:\/\/mon-hub.com\/index.php\/wp-json\/wp\/v2\/media?parent=53"}],"curies":[{"name":"wp","href":"https:\/\/api.w.org\/{rel}","templated":true}]}}